{"id":980,"date":"2019-02-06T10:11:44","date_gmt":"2019-02-06T09:11:44","guid":{"rendered":"https:\/\/www.schmid-mobility.de\/?page_id=980"},"modified":"2025-12-08T08:42:03","modified_gmt":"2025-12-08T07:42:03","slug":"impressum-2","status":"publish","type":"page","link":"https:\/\/www.schmid-mobility.de\/?page_id=980","title":{"rendered":"Impressum"},"content":{"rendered":"\n<p>Schmid Mobility Solutions GmbH<\/p>\n\n\n\n<p>Gie\u00dferallee 33<\/p>\n\n\n\n<p>47877 Willich<\/p>\n\n\n\n<p>Germany<\/p>\n\n\n\n<p>Tel: +49 (0) 2154 &#8211; 950 90-0<\/p>\n\n\n\n<p>Fax: +49 (0) 2154 &#8211; 950 90-199<\/p>\n\n\n\n<p><a href=\"mailto:info@schmid-mobility.de\" target=\"_blank\" rel=\"noreferrer noopener\" aria-label=\" (\u00f6ffnet in neuem Tab)\">info@schmid-mobility.de<\/a><\/p>\n\n\n\n<p>Vertreten durch den Gesch\u00e4ftsf\u00fchrer:<\/p>\n\n\n\n<p>Dipl. Kfm. Frank Michael Schmid<\/p>\n\n\n\n<p>Amtsgericht Krefeld (HRB 12 961)<\/p>\n\n\n\n<p>Ust-Ident.Nr.: DE 178352850<\/p>\n\n\n\n<p><strong>Haftung f\u00fcr Inhalte<\/strong><\/p>\n\n\n\n<p>Die Inhalte unserer Seiten wurden mit gr\u00f6\u00dfter Sorgfalt erstellt.<br>F\u00fcr die Richtigkeit, Vollst\u00e4ndigkeit und Aktualit\u00e4t der Inhalte<br>k\u00f6nnen wir jedoch keine Gew\u00e4hr \u00fcbernehmen. Als Diensteanbieter sind wir gem\u00e4\u00df \u00a7 7 Abs.1 DDGf\u00fcr<br>eigene Inhalte auf diesen Seiten nach den allgemeinen Gesetzen verantwortlich.<br>Nach \u00a7\u00a7 8 bis 10 DDG sind wir als Diensteanbieter jedoch nicht<br>verpflichtet, \u00fcbermittelte oder gespeicherte fremde Informationen zu<br>\u00fcberwachen oder nach Umst\u00e4nden zu forschen, die auf eine rechtswidrige<br>T\u00e4tigkeit hinweisen. Verpflichtungen zur Entfernung oder Sperrung der<br>Nutzung von Informationen nach den allgemeinen Gesetzen bleiben hiervon<br>unber\u00fchrt. Eine diesbez\u00fcgliche Haftung ist jedoch erst ab dem<br>Zeitpunkt der Kenntnis einer konkreten Rechtsverletzung m\u00f6glich. Bei<br>Bekanntwerden von entsprechenden Rechtsverletzungen werden wir diese Inhalte<br>umgehend entfernen.<\/p>\n\n\n\n<p><strong>Haftung f\u00fcr Links<\/strong><\/p>\n\n\n\n<p>Unser Angebot enth\u00e4lt Links zu externen Webseiten Dritter, auf deren<br>Inhalte wir keinen Einfluss haben. Deshalb k\u00f6nnen wir f\u00fcr diese<br>fremden Inhalte auch keine Gew\u00e4hr \u00fcbernehmen. F\u00fcr die Inhalte<br>der verlinkten Seiten ist stets der jeweilige Anbieter oder Betreiber der<br>Seiten verantwortlich. Die verlinkten Seiten wurden zum Zeitpunkt der Verlinkung<br>auf m\u00f6gliche Rechtsverst\u00f6\u00dfe \u00fcberpr\u00fcft. Rechtswidrige<br>Inhalte waren zum Zeitpunkt der Verlinkung nicht erkennbar. Eine permanente<br>inhaltliche Kontrolle der verlinkten Seiten ist jedoch ohne konkrete Anhaltspunkte<br>einer Rechtsverletzung nicht zumutbar. Bei Bekanntwerden von Rechtsverletzungen<br>werden wir derartige Links umgehend entfernen.<\/p>\n\n\n\n<p><strong>Urheberrecht<\/strong><\/p>\n\n\n\n<p>Die durch die Seitenbetreiber erstellten Inhalte und Werke auf diesen Seiten<br>unterliegen dem deutschen Urheberrecht. Die Vervielf\u00e4ltigung, Bearbeitung, Verbreitung und<br>jede Art der Verwertung au\u00dferhalb der Grenzen des Urheberrechtes bed\u00fcrfen<br>der schriftlichen Zustimmung des jeweiligen Autors bzw. Erstellers. Downloads<br>und Kopien dieser Seite sind nur f\u00fcr den privaten, nicht kommerziellen<br>Gebrauch gestattet. Soweit die Inhalte auf dieser Seite nicht vom Betreiber erstellt wurden,<br>werden die Urheberrechte Dritter beachtet. Insbesondere werden Inhalte Dritter als solche<br>gekennzeichnet. Sollten Sie trotzdem auf eine Urheberrechtsverletzung aufmerksam werden, bitten wir um einen entsprechenden Hinweis.<br>Bei Bekanntwerden von Rechtsverletzungen werden wir derartige Inhalte umgehend entfernen.<\/p>\n\n\n\n<p><strong>Datenschutz<\/strong><\/p>\n\n\n\n<p>Die Nutzung unserer Webseite ist in der Regel ohne Angabe personenbezogener Daten m\u00f6glich. Soweit auf unseren Seiten personenbezogene Daten (beispielsweise Name,<br>Anschrift oder eMail-Adressen) erhoben werden, erfolgt dies, soweit m\u00f6glich, stets auf freiwilliger Basis. Diese Daten werden ohne Ihre ausdr\u00fcckliche Zustimmung nicht an Dritte weitergegeben.<\/p>\n\n\n\n<p>Wir weisen darauf hin, dass die Daten\u00fcbertragung im Internet (z.B.<br>bei der Kommunikation per E-Mail) Sicherheitsl\u00fccken aufweisen kann.<br>Ein l\u00fcckenloser Schutz der Daten vor dem Zugriff durch Dritte ist nicht<br>m\u00f6glich.<\/p>\n\n\n\n<p>Der Nutzung von im Rahmen der Impressumspflicht ver\u00f6ffentlichten Kontaktdaten<br>durch Dritte zur \u00dcbersendung von nicht ausdr\u00fccklich angeforderter<br>Werbung und Informationsmaterialien wird hiermit ausdr\u00fccklich widersprochen.<br>Die Betreiber der Seiten behalten sich ausdr\u00fccklich rechtliche Schritte<br>im Falle der unverlangten Zusendung von Werbeinformationen, etwa durch Spam-Mails,<br>vor.<\/p>\n\n\n\n<p><em>Quellen: <a href=\"http:\/\/www.e-recht24.de\/muster-disclaimer.htm\" target=\"_blank\" rel=\"noreferrer noopener\">Disclaimer<\/a> von eRecht24, dem Portal zum Internetrecht von Rechtsanwalt S\u00f6ren Siebert<\/em><\/p>\n","protected":false},"excerpt":{"rendered":"<p>Schmid Mobility Solutions GmbH Gie\u00dferallee 33 47877 Willich Germany Tel: +49 (0) 2154 &#8211; 950 90-0 Fax: +49 (0) 2154 &#8211; 950 90-199 info@schmid-mobility.de Vertreten durch den Gesch\u00e4ftsf\u00fchrer: Dipl. Kfm. Frank Michael Schmid Amtsgericht Krefeld (HRB 12 961) Ust-Ident.Nr.: DE<\/p>\n","protected":false},"author":2,"featured_media":0,"parent":0,"menu_order":0,"comment_status":"closed","ping_status":"closed","template":"","meta":{"footnotes":""},"class_list":["post-980","page","type-page","status-publish","hentry"],"_links":{"self":[{"href":"https:\/\/www.schmid-mobility.de\/index.php?rest_route=\/wp\/v2\/pages\/980","targetHints":{"allow":["GET"]}}],"collection":[{"href":"https:\/\/www.schmid-mobility.de\/index.php?rest_route=\/wp\/v2\/pages"}],"about":[{"href":"https:\/\/www.schmid-mobility.de\/index.php?rest_route=\/wp\/v2\/types\/page"}],"author":[{"embeddable":true,"href":"https:\/\/www.schmid-mobility.de\/index.php?rest_route=\/wp\/v2\/users\/2"}],"replies":[{"embeddable":true,"href":"https:\/\/www.schmid-mobility.de\/index.php?rest_route=%2Fwp%2Fv2%2Fcomments&post=980"}],"version-history":[{"count":5,"href":"https:\/\/www.schmid-mobility.de\/index.php?rest_route=\/wp\/v2\/pages\/980\/revisions"}],"predecessor-version":[{"id":1269,"href":"https:\/\/www.schmid-mobility.de\/index.php?rest_route=\/wp\/v2\/pages\/980\/revisions\/1269"}],"wp:attachment":[{"href":"https:\/\/www.schmid-mobility.de\/index.php?rest_route=%2Fwp%2Fv2%2Fmedia&parent=980"}],"curies":[{"name":"wp","href":"https:\/\/api.w.org\/{rel}","templated":true}]}}