{"id":301,"date":"2013-04-03T12:32:36","date_gmt":"2013-04-03T10:32:36","guid":{"rendered":"http:\/\/www.schmid-mobility.eu\/?page_id=301"},"modified":"2022-02-08T14:57:10","modified_gmt":"2022-02-08T13:57:10","slug":"leistungsspektrum","status":"publish","type":"page","link":"https:\/\/www.schmid-mobility.de\/?page_id=301","title":{"rendered":"Leistungsspektrum"},"content":{"rendered":"<p>Wir haben uns entschieden, jetzt zu wachsen.<\/p>\n<p>Jetzt, da es gilt, neue Wege zu gehen und vorhandene Ressourcen bestm\u00f6glich zu nutzen.<\/p>\n<p>Mit unserem Know-how und \u00fcber 25-j\u00e4hriger Erfahrung k\u00f6nnen wir<\/p>\n<ul>\n<li>Politik bei der Suche nach politischen Rahmenbedingungen begleiten,<\/li>\n<\/ul>\n<p>&nbsp;<\/p>\n<ul>\n<li>Verwaltung effiziente Wege zur Umsetzung der politischen Vergaben anzeigen und sie begleiten,<\/li>\n<\/ul>\n<p>&nbsp;<\/p>\n<ul>\n<li>Unternehmen bei der Erschlie\u00dfung dieser neuen M\u00e4rkte strategisch und operativ in allen Fragestellungen begleiten.<\/li>\n<\/ul>\n<p>&nbsp;<br \/>\nDies alles verwirklichen wir hier in unseren B\u00fcror\u00e4umen:<\/p>\n<p><img decoding=\"async\" src=\"https:\/\/www.schmid-mobility.de\/wp-content\/uploads\/2013\/05\/Buero.jpg\" \/><\/p>\n<p><img decoding=\"async\" src=\"https:\/\/www.schmid-mobility.de\/wp-content\/uploads\/2013\/05\/Bueroauto.jpg\" \/><\/p>\n","protected":false},"excerpt":{"rendered":"<p>Wir haben uns entschieden, jetzt zu wachsen. Jetzt, da es gilt, neue Wege zu gehen und vorhandene Ressourcen bestm\u00f6glich zu nutzen. Mit unserem Know-how und \u00fcber 25-j\u00e4hriger Erfahrung k\u00f6nnen wir Politik bei der Suche nach politischen Rahmenbedingungen begleiten, &nbsp; Verwaltung<\/p>\n","protected":false},"author":1,"featured_media":0,"parent":0,"menu_order":0,"comment_status":"closed","ping_status":"closed","template":"","meta":{"footnotes":""},"class_list":["post-301","page","type-page","status-publish","hentry"],"_links":{"self":[{"href":"https:\/\/www.schmid-mobility.de\/index.php?rest_route=\/wp\/v2\/pages\/301","targetHints":{"allow":["GET"]}}],"collection":[{"href":"https:\/\/www.schmid-mobility.de\/index.php?rest_route=\/wp\/v2\/pages"}],"about":[{"href":"https:\/\/www.schmid-mobility.de\/index.php?rest_route=\/wp\/v2\/types\/page"}],"author":[{"embeddable":true,"href":"https:\/\/www.schmid-mobility.de\/index.php?rest_route=\/wp\/v2\/users\/1"}],"replies":[{"embeddable":true,"href":"https:\/\/www.schmid-mobility.de\/index.php?rest_route=%2Fwp%2Fv2%2Fcomments&post=301"}],"version-history":[{"count":22,"href":"https:\/\/www.schmid-mobility.de\/index.php?rest_route=\/wp\/v2\/pages\/301\/revisions"}],"predecessor-version":[{"id":1249,"href":"https:\/\/www.schmid-mobility.de\/index.php?rest_route=\/wp\/v2\/pages\/301\/revisions\/1249"}],"wp:attachment":[{"href":"https:\/\/www.schmid-mobility.de\/index.php?rest_route=%2Fwp%2Fv2%2Fmedia&parent=301"}],"curies":[{"name":"wp","href":"https:\/\/api.w.org\/{rel}","templated":true}]}}