{"id":1144,"date":"2020-10-27T16:55:11","date_gmt":"2020-10-27T15:55:11","guid":{"rendered":"https:\/\/www.schmid-mobility.de\/?page_id=1144"},"modified":"2022-07-04T10:18:19","modified_gmt":"2022-07-04T08:18:19","slug":"was-machen-sachen","status":"publish","type":"page","link":"https:\/\/www.schmid-mobility.de\/","title":{"rendered":"Was machen sachen"},"content":{"rendered":"\r\n<img decoding=\"async\" src=\"https:\/\/www.schmid-mobility.de\/wp-content\/uploads\/2013\/04\/cropped-Banner_landingpage.jpg\" alt=\"landing\" \/>\r\n<p>Die Schmid Mobility Solutions GmbH fungiert als unabh\u00e4ngiger Berater und Business Enabler in allen Bereichen der Mobilit\u00e4t, Infrastruktur und des Verkehrs mit einem gro\u00dfen\u00a0 Netzwerk in Politik und Verwaltung.<\/p>\r\n\r\n\r\n\r\n<p>Umweltprobleme, neue Technologien, disruptive Gesch\u00e4ftsmodelle und andere Innovationen sind der Haupttreiber unsers Handelns.<\/p>\r\n\r\n\r\n\r\n<p>Neben dem Enabling und der Entwicklung von Gesch\u00e4ftsmodellen entwickeln wir Konzepte f\u00fcr intelligente Mobilit\u00e4t und intelligente St\u00e4dte, von der ersten Idee bis zur Umsetzung.<\/p>\r\n","protected":false},"excerpt":{"rendered":"<p>Die Schmid Mobility Solutions GmbH fungiert als unabh\u00e4ngiger Berater und Business Enabler in allen Bereichen der Mobilit\u00e4t, Infrastruktur und des Verkehrs mit einem gro\u00dfen\u00a0 Netzwerk in Politik und Verwaltung. Umweltprobleme, neue Technologien, disruptive Gesch\u00e4ftsmodelle und andere Innovationen sind der Haupttreiber<\/p>\n","protected":false},"author":2,"featured_media":0,"parent":0,"menu_order":0,"comment_status":"closed","ping_status":"closed","template":"","meta":{"footnotes":""},"class_list":["post-1144","page","type-page","status-publish","hentry"],"_links":{"self":[{"href":"https:\/\/www.schmid-mobility.de\/index.php?rest_route=\/wp\/v2\/pages\/1144","targetHints":{"allow":["GET"]}}],"collection":[{"href":"https:\/\/www.schmid-mobility.de\/index.php?rest_route=\/wp\/v2\/pages"}],"about":[{"href":"https:\/\/www.schmid-mobility.de\/index.php?rest_route=\/wp\/v2\/types\/page"}],"author":[{"embeddable":true,"href":"https:\/\/www.schmid-mobility.de\/index.php?rest_route=\/wp\/v2\/users\/2"}],"replies":[{"embeddable":true,"href":"https:\/\/www.schmid-mobility.de\/index.php?rest_route=%2Fwp%2Fv2%2Fcomments&post=1144"}],"version-history":[{"count":3,"href":"https:\/\/www.schmid-mobility.de\/index.php?rest_route=\/wp\/v2\/pages\/1144\/revisions"}],"predecessor-version":[{"id":1254,"href":"https:\/\/www.schmid-mobility.de\/index.php?rest_route=\/wp\/v2\/pages\/1144\/revisions\/1254"}],"wp:attachment":[{"href":"https:\/\/www.schmid-mobility.de\/index.php?rest_route=%2Fwp%2Fv2%2Fmedia&parent=1144"}],"curies":[{"name":"wp","href":"https:\/\/api.w.org\/{rel}","templated":true}]}}